{"id":25797,"date":"2024-11-19T12:43:09","date_gmt":"2024-11-19T10:43:09","guid":{"rendered":"https:\/\/kpw-relaunch.wp1.visual4.com\/imprint\/"},"modified":"2026-05-09T13:27:24","modified_gmt":"2026-05-09T11:27:24","slug":"imprint","status":"publish","type":"page","link":"https:\/\/kpw.law\/en\/imprint\/","title":{"rendered":"Imprint"},"content":{"rendered":"\n<div class=\"wp-block-group alignfull v4-pattern-hero has-global-padding is-layout-constrained wp-block-group-is-layout-constrained\" style=\"margin-bottom:0\">\n<div class=\"wp-block-cover alignfull is-light v4-pattern-hero__cover\" style=\"padding-top:var(--wp--preset--spacing--80);padding-bottom:var(--wp--preset--spacing--80);min-height:75vh;aspect-ratio:unset;\"><img data-dominant-color=\"b95769\" data-has-transparency=\"false\" style=\"--dominant-color: #b95769;\" loading=\"lazy\" decoding=\"async\" width=\"1024\" height=\"576\" sizes=\"auto, 100vw\" class=\"wp-block-cover__image-background wp-image-28838 size-large not-transparent\" alt=\"Impressum KPW PartmbB, Rechtsanw\u00e4lte, Fachanw\u00e4lte, IP-Recht, IT-Recht\" src=\"https:\/\/kpw.law\/wp-content\/uploads\/Impressum-1024x576.jpg\" data-object-fit=\"cover\" srcset=\"https:\/\/kpw.law\/wp-content\/uploads\/Impressum-1024x576.jpg 1024w, https:\/\/kpw.law\/wp-content\/uploads\/Impressum-300x169.jpg 300w, https:\/\/kpw.law\/wp-content\/uploads\/Impressum-768x432.jpg 768w, https:\/\/kpw.law\/wp-content\/uploads\/Impressum-1536x864.jpg 1536w, https:\/\/kpw.law\/wp-content\/uploads\/Impressum-2048x1152.jpg 2048w\" \/><span aria-hidden=\"true\" class=\"wp-block-cover__background has-base-background-color has-background-dim-10 has-background-dim\"><\/span><div class=\"wp-block-cover__inner-container has-global-padding is-layout-constrained wp-block-cover-is-layout-constrained\">\n<div class=\"wp-block-group alignwide has-global-padding is-content-justification-left is-layout-constrained wp-container-core-group-is-layout-b3b59c26 wp-block-group-is-layout-constrained\" style=\"margin-top:var(--wp--preset--spacing--80);margin-bottom:var(--wp--preset--spacing--40)\">\r\n<h1 id=\"multirow-headline-block_64b4ea15ac1020fadb7f6b86b440952e\" class=\"wp-block-visual4-multirow-headline\">\r\n    <div class=\"wp-block-visual4-multirow-headline\">\n\n<p class=\"has-contrast-color has-text-color has-link-color has-gigantic-font-size wp-elements-213f1f9147f0d80083dd6f382d3f7c36\" style=\"margin-top:0;margin-bottom:0;margin-left:0%;padding-top:0;padding-bottom:0;font-style:normal;font-weight:1000;line-height:1;text-transform:uppercase\"><span class=\"v4-marker-highlight-background\">IMPRINT<\/span><\/p>\n\n<\/div> \r\n<\/h1>\n\n\n<div class=\"wp-block-group wp-container-content-9cfa9a5a is-content-justification-left is-nowrap is-layout-flex wp-container-core-group-is-layout-91e14660 wp-block-group-is-layout-flex\" style=\"margin-top:var(--wp--preset--spacing--40);margin-bottom:var(--wp--preset--spacing--40);padding-top:0;padding-bottom:0\">\r\n\r\n<div class=\"wp-block-visual4-contact-modal__button\">\r\n            \r\n        <div class=\"wp-block-buttons is-layout-flex wp-block-buttons-is-layout-flex\">\r\n            \r\n\r\n<div class=\"wp-block-button v4-contact-modal-button is-style-fill\" style=\"font-style:normal;font-weight:600\" data-form-id=\"8\"><a class=\"wp-block-button__link has-contrast-color has-base-background-color has-text-color has-background has-link-color wp-element-button\">Contact us now!<\/a><\/div>\r\n\r\n        <\/div>\r\n        \r\n    <\/div>\n\n\n<div class=\"wp-block-buttons is-style-mobile-only is-content-justification-left is-layout-flex wp-container-core-buttons-is-layout-fc4fd283 wp-block-buttons-is-layout-flex\">\n<div class=\"wp-block-button is-style-arrow is-style-fill\"><a class=\"wp-block-button__link has-base-background-color has-background wp-element-button\" href=\"tel:4971141019030\" style=\"padding-right:var(--wp--preset--spacing--50);padding-left:var(--wp--preset--spacing--50);font-style:normal;font-weight:600\">Call now!<\/a><\/div>\n<\/div>\n<\/div>\n<\/div>\n<\/div><\/div>\n<\/div>\n\n<div class=\"wp-block-group has-global-padding is-layout-constrained wp-block-group-is-layout-constrained\" style=\"padding-bottom:var(--wp--preset--spacing--70)\" data-aos=\"fade-up\">\n<h2 class=\"wp-block-heading\" id=\"h-kpw-partmbb\"><strong>KPW PartmbB<\/strong><\/h2>\n\n\n\n<p>Attorneys and specialized lawyers<br \/>\n  <br \/>Partners: Clemens Pfitzer, Dr. Markus Wekwerth\n<\/p>\n\n\n\n<p>K\u00f6nigstr. 40<br \/>70173 Stuttgart <\/p>\n\n\n\n<p>Phone <a href=\"tel:+4971141019030\">+49 711 41019030<\/a><br \/>Fax +49 711 41019059<br \/>E-mail <a href=\"mailto:info@kpw.law\">info@kpw.law<\/a><\/p>\n\n\n\n<p>Stuttgart Local Court<br \/>Partnership register PR 720257<\/p>\n\n\n\n<p>Sales tax identification number DE270757792<\/p>\n\n\n\n<p>D-U-N-S \u00ae Number: 341580247<br \/>\n  <br \/>The attorneys are admitted to the <a href=\"https:\/\/www.rak-stuttgart.de\/\" target=\"_blank\" rel=\"noreferrer noopener\">Stuttgart Bar Association<\/a>, which is also the competent supervisory authority.\n<\/p>\n\n\n\n<p>The professional title &#8220;<strong>Attorney<\/strong>&#8221; was awarded to attorneys in the Federal Republic of Germany.  <\/p>\n\n\n\n<p>Professional regulations:<br \/><a href=\"https:\/\/www.gesetze-im-internet.de\/brao\/index.html\" target=\"_blank\" rel=\"noreferrer noopener\">Federal Lawyers&#8217; Act (BRAO)<\/a><br \/><a href=\"https:\/\/www.brak.de\/fileadmin\/02_fuer_anwaelte\/berufsrecht\/BORA_Stand_01.10.2023.pdf\" target=\"_blank\" rel=\"noreferrer noopener\">Professional Code of Conduct for Attorneys (BORA)<\/a><br \/><a href=\"https:\/\/www.brak.de\/fileadmin\/02_fuer_anwaelte\/berufsrecht\/FAO_Stand_01.10.2023.pdf\">Specialist lawyer regulations (FAO)<\/a><br \/><a href=\"https:\/\/www.gesetze-im-internet.de\/rvg\/\" target=\"_blank\" rel=\"noreferrer noopener\">Lawyers&#8217; Fees Act (RVG)<\/a><br \/><a href=\"https:\/\/www.brak.de\/fileadmin\/02_fuer_anwaelte\/Berufsregeln_Mai%202006_090615.pdf\">Code of Conduct for Attorneys in the European Union (CCBE)<\/a><br \/><a href=\"https:\/\/www.gesetze-im-internet.de\/eurag\/index.html\">Act on the Activities of European Attorneys in Germany (EuRAG)<\/a><br \/><a href=\"https:\/\/www.brak.de\/anwaltschaft\/berufsrecht\/geldwaeschepraevention\/\">Professional law supplements to the Anti-Money Laundering Act (GwG)<\/a><br \/>These regulations can also be found on the website of the Federal Chamber of Lawyers <a href=\"http:\/\/www.brak.de\/\">www.brak.de<\/a>.<\/p>\n\n\n\n<p>Out-of-court dispute resolution:<br \/>In the event of disputes between attorneys and their clients, there is the possibility of out-of-court dispute resolution upon request at the regional bar association (pursuant to Section 73 (2) No. 3 in conjunction with Section 73 (5) BRAO) or at the arbitration board of the legal profession at the Federal Bar Association (Section 191f BRAO), which can be found on the website of the Federal Bar Association<a href=\"https:\/\/www.brak.de\" target=\"_blank\" rel=\"noreferrer noopener\">(www.brak.de<\/a> or by e-mail: <a href=\"mailto:schlichtungsstelle@brak.de\">schlichtungsstelle@brak.de).<\/a><\/p>\n\n\n\n<h2 class=\"wp-block-heading\" id=\"h-konzeption-webdesign-und-umsetzung\">Concept, web design and implementation<\/h2>\n\n\n\n<p><a href=\"https:\/\/www.visual4.de\/\" target=\"_blank\" rel=\"noreferrer noopener\">\n  <strong>visual4 GmbH<\/strong>\n<\/a><br \/>Schreiberstr. 27<br \/>70199 Stuttgart <\/p>\n\n\n\n<p>Phone: +49 711 460543 &#8211; 0<br \/>Fax: +49 711 460543 &#8211; 44<br \/>E-mail: <a href=\"mailto:info@visual4.de\">info(at)visual4.de<\/a><br \/>Internet: <a href=\"http:\/\/www.visual4.de\/\" target=\"_blank\" rel=\"noreferrer noopener\">www.visual4.de<\/a><\/p>\n<\/div>\n","protected":false},"excerpt":{"rendered":"<p>KPW PartmbB Attorneys and specialized lawyers Partners: Clemens Pfitzer, Dr. Markus Wekwerth K\u00f6nigstr. 4070173 Stuttgart Phone +49 711 41019030Fax +49 711 41019059E-mail info@kpw.law Stuttgart Local&#8230;<\/p>\n","protected":false},"author":1,"featured_media":0,"parent":0,"menu_order":5,"comment_status":"closed","ping_status":"closed","template":"","meta":{"_acf_changed":false,"inline_featured_image":false,"footnotes":""},"thema":[],"rechtsgebiet":[],"produkt":[],"class_list":["post-25797","page","type-page","status-publish","hentry"],"acf":[],"yoast_head":"<!-- This site is optimized with the Yoast SEO Premium plugin v27.5 (Yoast SEO v27.5) - https:\/\/yoast.com\/product\/yoast-seo-premium-wordpress\/ -->\n<title>Imprint of KPW PartmbB - Specialist lawyers and attorneys<\/title>\n<meta name=\"description\" content=\"Imprint of KPW PartmbB, specialist lawyers and attorneys in Stuttgart, competition law, trademark law, IT law, design law, copyright law\" \/>\n<meta name=\"robots\" content=\"index, follow, max-snippet:-1, max-image-preview:large, max-video-preview:-1\" \/>\n<link rel=\"canonical\" href=\"https:\/\/kpw.law\/en\/imprint\/\" \/>\n<meta property=\"og:locale\" content=\"en_US\" \/>\n<meta property=\"og:type\" content=\"article\" \/>\n<meta property=\"og:title\" content=\"Imprint\" \/>\n<meta property=\"og:description\" content=\"Imprint of KPW PartmbB, specialist lawyers and attorneys in Stuttgart, competition law, trademark law, IT law, design law, copyright law\" \/>\n<meta property=\"og:url\" content=\"https:\/\/kpw.law\/en\/imprint\/\" \/>\n<meta property=\"og:site_name\" content=\"KPW Rechtsanw\u00e4lte und Fachanw\u00e4lte\" \/>\n<meta property=\"article:modified_time\" content=\"2026-05-09T11:27:24+00:00\" \/>\n<meta property=\"og:image\" content=\"https:\/\/kpw.law\/wp-content\/uploads\/Impressum-scaled.jpg\" \/>\n\t<meta property=\"og:image:width\" content=\"2560\" \/>\n\t<meta property=\"og:image:height\" content=\"1440\" \/>\n\t<meta property=\"og:image:type\" content=\"image\/jpeg\" \/>\n<meta name=\"twitter:card\" content=\"summary_large_image\" \/>\n<meta name=\"twitter:label1\" content=\"Est. reading time\" \/>\n\t<meta name=\"twitter:data1\" content=\"1 minute\" \/>\n<script type=\"application\/ld+json\" class=\"yoast-schema-graph\">{\"@context\":\"https:\\\/\\\/schema.org\",\"@graph\":[{\"@type\":\"WebPage\",\"@id\":\"https:\\\/\\\/kpw.law\\\/en\\\/imprint\\\/\",\"url\":\"https:\\\/\\\/kpw.law\\\/en\\\/imprint\\\/\",\"name\":\"Imprint of KPW PartmbB - Specialist lawyers and attorneys\",\"isPartOf\":{\"@id\":\"https:\\\/\\\/kpw.law\\\/en\\\/#website\"},\"primaryImageOfPage\":{\"@id\":\"https:\\\/\\\/kpw.law\\\/en\\\/imprint\\\/#primaryimage\"},\"image\":{\"@id\":\"https:\\\/\\\/kpw.law\\\/en\\\/imprint\\\/#primaryimage\"},\"thumbnailUrl\":\"https:\\\/\\\/kpw.law\\\/wp-content\\\/uploads\\\/Impressum-1024x576.jpg\",\"datePublished\":\"2024-11-19T10:43:09+00:00\",\"dateModified\":\"2026-05-09T11:27:24+00:00\",\"description\":\"Imprint of KPW PartmbB, specialist lawyers and attorneys in Stuttgart, competition law, trademark law, IT law, design law, copyright law\",\"breadcrumb\":{\"@id\":\"https:\\\/\\\/kpw.law\\\/en\\\/imprint\\\/#breadcrumb\"},\"inLanguage\":\"en-US\",\"potentialAction\":[{\"@type\":\"ReadAction\",\"target\":[\"https:\\\/\\\/kpw.law\\\/en\\\/imprint\\\/\"]}]},{\"@type\":\"ImageObject\",\"inLanguage\":\"en-US\",\"@id\":\"https:\\\/\\\/kpw.law\\\/en\\\/imprint\\\/#primaryimage\",\"url\":\"https:\\\/\\\/kpw.law\\\/wp-content\\\/uploads\\\/Impressum-1024x576.jpg\",\"contentUrl\":\"https:\\\/\\\/kpw.law\\\/wp-content\\\/uploads\\\/Impressum-1024x576.jpg\"},{\"@type\":\"BreadcrumbList\",\"@id\":\"https:\\\/\\\/kpw.law\\\/en\\\/imprint\\\/#breadcrumb\",\"itemListElement\":[{\"@type\":\"ListItem\",\"position\":1,\"name\":\"Startseite\",\"item\":\"https:\\\/\\\/kpw.law\\\/en\\\/\"},{\"@type\":\"ListItem\",\"position\":2,\"name\":\"Imprint\"}]},{\"@type\":\"WebSite\",\"@id\":\"https:\\\/\\\/kpw.law\\\/en\\\/#website\",\"url\":\"https:\\\/\\\/kpw.law\\\/en\\\/\",\"name\":\"KPW PartmbB \u2013 Rechtsanw\u00e4lte und Fachanw\u00e4lte\",\"description\":\"Rechtsanw\u00e4lte f\u00fcr IP- und IT-Recht\",\"publisher\":{\"@id\":\"https:\\\/\\\/kpw.law\\\/en\\\/#organization\"},\"alternateName\":\"kpw.law\",\"potentialAction\":[{\"@type\":\"SearchAction\",\"target\":{\"@type\":\"EntryPoint\",\"urlTemplate\":\"https:\\\/\\\/kpw.law\\\/en\\\/?s={search_term_string}\"},\"query-input\":{\"@type\":\"PropertyValueSpecification\",\"valueRequired\":true,\"valueName\":\"search_term_string\"}}],\"inLanguage\":\"en-US\"},{\"@type\":\"Organization\",\"@id\":\"https:\\\/\\\/kpw.law\\\/en\\\/#organization\",\"name\":\"KPW PartmbB\",\"alternateName\":\"KPW\",\"url\":\"https:\\\/\\\/kpw.law\\\/en\\\/\",\"logo\":{\"@type\":\"ImageObject\",\"inLanguage\":\"en-US\",\"@id\":\"https:\\\/\\\/kpw.law\\\/en\\\/#\\\/schema\\\/logo\\\/image\\\/\",\"url\":\"https:\\\/\\\/kpw.law\\\/wp-content\\\/uploads\\\/KPW400x400.jpg\",\"contentUrl\":\"https:\\\/\\\/kpw.law\\\/wp-content\\\/uploads\\\/KPW400x400.jpg\",\"width\":400,\"height\":400,\"caption\":\"KPW PartmbB\"},\"image\":{\"@id\":\"https:\\\/\\\/kpw.law\\\/en\\\/#\\\/schema\\\/logo\\\/image\\\/\"},\"sameAs\":[\"https:\\\/\\\/www.linkedin.com\\\/company\\\/kpw\"],\"description\":\"KPW ist eine auf IP und IT-Recht spezialisierte Kanzlei mit Rechts- und Fachanw\u00e4lten in Stuttgart. KPW ber\u00e4t Unternehmen in den Bereichen Wettbewerbsrecht, Markenrecht, Designrecht, Urheberrecht, IT-Recht, Patentrecht, Datenschutzrecht, E-Commerce und Know-How-Schutz.\",\"email\":\"info@kpw.law\",\"telephone\":\"+4971141019030\",\"legalName\":\"KPW PartmbB\",\"foundingDate\":\"2010-04-01\",\"vatID\":\"DE270757792\",\"duns\":\"341580247\",\"numberOfEmployees\":{\"@type\":\"QuantitativeValue\",\"minValue\":\"1\",\"maxValue\":\"10\"}}]}<\/script>\n<!-- \/ Yoast SEO Premium plugin. -->","yoast_head_json":{"title":"Imprint of KPW PartmbB - Specialist lawyers and attorneys","description":"Imprint of KPW PartmbB, specialist lawyers and attorneys in Stuttgart, competition law, trademark law, IT law, design law, copyright law","robots":{"index":"index","follow":"follow","max-snippet":"max-snippet:-1","max-image-preview":"max-image-preview:large","max-video-preview":"max-video-preview:-1"},"canonical":"https:\/\/kpw.law\/en\/imprint\/","og_locale":"en_US","og_type":"article","og_title":"Imprint","og_description":"Imprint of KPW PartmbB, specialist lawyers and attorneys in Stuttgart, competition law, trademark law, IT law, design law, copyright law","og_url":"https:\/\/kpw.law\/en\/imprint\/","og_site_name":"KPW Rechtsanw\u00e4lte und Fachanw\u00e4lte","article_modified_time":"2026-05-09T11:27:24+00:00","og_image":[{"width":2560,"height":1440,"url":"https:\/\/kpw.law\/wp-content\/uploads\/Impressum-scaled.jpg","type":"image\/jpeg"}],"twitter_card":"summary_large_image","twitter_misc":{"Est. reading time":"1 minute"},"schema":{"@context":"https:\/\/schema.org","@graph":[{"@type":"WebPage","@id":"https:\/\/kpw.law\/en\/imprint\/","url":"https:\/\/kpw.law\/en\/imprint\/","name":"Imprint of KPW PartmbB - Specialist lawyers and attorneys","isPartOf":{"@id":"https:\/\/kpw.law\/en\/#website"},"primaryImageOfPage":{"@id":"https:\/\/kpw.law\/en\/imprint\/#primaryimage"},"image":{"@id":"https:\/\/kpw.law\/en\/imprint\/#primaryimage"},"thumbnailUrl":"https:\/\/kpw.law\/wp-content\/uploads\/Impressum-1024x576.jpg","datePublished":"2024-11-19T10:43:09+00:00","dateModified":"2026-05-09T11:27:24+00:00","description":"Imprint of KPW PartmbB, specialist lawyers and attorneys in Stuttgart, competition law, trademark law, IT law, design law, copyright law","breadcrumb":{"@id":"https:\/\/kpw.law\/en\/imprint\/#breadcrumb"},"inLanguage":"en-US","potentialAction":[{"@type":"ReadAction","target":["https:\/\/kpw.law\/en\/imprint\/"]}]},{"@type":"ImageObject","inLanguage":"en-US","@id":"https:\/\/kpw.law\/en\/imprint\/#primaryimage","url":"https:\/\/kpw.law\/wp-content\/uploads\/Impressum-1024x576.jpg","contentUrl":"https:\/\/kpw.law\/wp-content\/uploads\/Impressum-1024x576.jpg"},{"@type":"BreadcrumbList","@id":"https:\/\/kpw.law\/en\/imprint\/#breadcrumb","itemListElement":[{"@type":"ListItem","position":1,"name":"Startseite","item":"https:\/\/kpw.law\/en\/"},{"@type":"ListItem","position":2,"name":"Imprint"}]},{"@type":"WebSite","@id":"https:\/\/kpw.law\/en\/#website","url":"https:\/\/kpw.law\/en\/","name":"KPW PartmbB \u2013 Rechtsanw\u00e4lte und Fachanw\u00e4lte","description":"Rechtsanw\u00e4lte f\u00fcr IP- und IT-Recht","publisher":{"@id":"https:\/\/kpw.law\/en\/#organization"},"alternateName":"kpw.law","potentialAction":[{"@type":"SearchAction","target":{"@type":"EntryPoint","urlTemplate":"https:\/\/kpw.law\/en\/?s={search_term_string}"},"query-input":{"@type":"PropertyValueSpecification","valueRequired":true,"valueName":"search_term_string"}}],"inLanguage":"en-US"},{"@type":"Organization","@id":"https:\/\/kpw.law\/en\/#organization","name":"KPW PartmbB","alternateName":"KPW","url":"https:\/\/kpw.law\/en\/","logo":{"@type":"ImageObject","inLanguage":"en-US","@id":"https:\/\/kpw.law\/en\/#\/schema\/logo\/image\/","url":"https:\/\/kpw.law\/wp-content\/uploads\/KPW400x400.jpg","contentUrl":"https:\/\/kpw.law\/wp-content\/uploads\/KPW400x400.jpg","width":400,"height":400,"caption":"KPW PartmbB"},"image":{"@id":"https:\/\/kpw.law\/en\/#\/schema\/logo\/image\/"},"sameAs":["https:\/\/www.linkedin.com\/company\/kpw"],"description":"KPW ist eine auf IP und IT-Recht spezialisierte Kanzlei mit Rechts- und Fachanw\u00e4lten in Stuttgart. KPW ber\u00e4t Unternehmen in den Bereichen Wettbewerbsrecht, Markenrecht, Designrecht, Urheberrecht, IT-Recht, Patentrecht, Datenschutzrecht, E-Commerce und Know-How-Schutz.","email":"info@kpw.law","telephone":"+4971141019030","legalName":"KPW PartmbB","foundingDate":"2010-04-01","vatID":"DE270757792","duns":"341580247","numberOfEmployees":{"@type":"QuantitativeValue","minValue":"1","maxValue":"10"}}]}},"_links":{"self":[{"href":"https:\/\/kpw.law\/en\/wp-json\/wp\/v2\/pages\/25797","targetHints":{"allow":["GET"]}}],"collection":[{"href":"https:\/\/kpw.law\/en\/wp-json\/wp\/v2\/pages"}],"about":[{"href":"https:\/\/kpw.law\/en\/wp-json\/wp\/v2\/types\/page"}],"author":[{"embeddable":true,"href":"https:\/\/kpw.law\/en\/wp-json\/wp\/v2\/users\/1"}],"replies":[{"embeddable":true,"href":"https:\/\/kpw.law\/en\/wp-json\/wp\/v2\/comments?post=25797"}],"version-history":[{"count":6,"href":"https:\/\/kpw.law\/en\/wp-json\/wp\/v2\/pages\/25797\/revisions"}],"predecessor-version":[{"id":28843,"href":"https:\/\/kpw.law\/en\/wp-json\/wp\/v2\/pages\/25797\/revisions\/28843"}],"wp:attachment":[{"href":"https:\/\/kpw.law\/en\/wp-json\/wp\/v2\/media?parent=25797"}],"wp:term":[{"taxonomy":"thema","embeddable":true,"href":"https:\/\/kpw.law\/en\/wp-json\/wp\/v2\/thema?post=25797"},{"taxonomy":"rechtsgebiet","embeddable":true,"href":"https:\/\/kpw.law\/en\/wp-json\/wp\/v2\/rechtsgebiet?post=25797"},{"taxonomy":"produkt","embeddable":true,"href":"https:\/\/kpw.law\/en\/wp-json\/wp\/v2\/produkt?post=25797"}],"curies":[{"name":"wp","href":"https:\/\/api.w.org\/{rel}","templated":true}]}}